{"id":22,"date":"2024-01-13T17:10:45","date_gmt":"2024-01-13T17:10:45","guid":{"rendered":"https:\/\/coolhunter.co\/?page_id=22"},"modified":"2024-01-28T00:17:32","modified_gmt":"2024-01-28T00:17:32","slug":"servicios","status":"publish","type":"page","link":"https:\/\/coolhunter.co\/en\/services\/","title":{"rendered":"Services"},"content":{"rendered":"<div data-elementor-type=\"wp-page\" data-elementor-id=\"22\" class=\"elementor elementor-22\" data-elementor-post-type=\"page\">\n\t\t\t\t\t\t<section class=\"elementor-section elementor-top-section elementor-element elementor-element-3886ab25 elementor-section-boxed elementor-section-height-default elementor-section-height-default\" data-id=\"3886ab25\" data-element_type=\"section\" data-settings=\"{&quot;background_background&quot;:&quot;classic&quot;}\">\n\t\t\t\t\t\t\t<div class=\"elementor-background-overlay\"><\/div>\n\t\t\t\t\t\t\t<div class=\"elementor-container elementor-column-gap-default\">\n\t\t\t\t\t<div class=\"elementor-column elementor-col-100 elementor-top-column elementor-element elementor-element-49257039\" data-id=\"49257039\" data-element_type=\"column\">\n\t\t\t<div class=\"elementor-widget-wrap elementor-element-populated\">\n\t\t\t\t\t\t<div class=\"elementor-element elementor-element-71fb7f41 elementor-icon-list--layout-inline elementor-align-center elementor-list-item-link-full_width elementor-widget elementor-widget-icon-list\" data-id=\"71fb7f41\" data-element_type=\"widget\" data-widget_type=\"icon-list.default\">\n\t\t\t\t<div class=\"elementor-widget-container\">\n\t\t\t\t\t\t\t<ul class=\"elementor-icon-list-items elementor-inline-items\">\n\t\t\t\t\t\t\t<li class=\"elementor-icon-list-item elementor-inline-item\">\n\t\t\t\t\t\t\t\t\t\t<span class=\"elementor-icon-list-text\">Home<\/span>\n\t\t\t\t\t\t\t\t\t<\/li>\n\t\t\t\t\t\t\t\t<li class=\"elementor-icon-list-item elementor-inline-item\">\n\t\t\t\t\t\t\t\t\t\t\t<span class=\"elementor-icon-list-icon\">\n\t\t\t\t\t\t\t<i aria-hidden=\"true\" class=\"jki jki-arrow-right-circle-line\"><\/i>\t\t\t\t\t\t<\/span>\n\t\t\t\t\t\t\t\t\t\t<span class=\"elementor-icon-list-text\">Services<\/span>\n\t\t\t\t\t\t\t\t\t<\/li>\n\t\t\t\t\t\t<\/ul>\n\t\t\t\t\t\t<\/div>\n\t\t\t\t<\/div>\n\t\t\t\t\t<\/div>\n\t\t<\/div>\n\t\t\t\t\t<\/div>\n\t\t<\/section>\n\t\t\t\t<section class=\"elementor-section elementor-top-section elementor-element elementor-element-8c0ecb1 elementor-section-content-middle elementor-reverse-tablet elementor-reverse-mobile elementor-section-boxed elementor-section-height-default elementor-section-height-default\" data-id=\"8c0ecb1\" data-element_type=\"section\">\n\t\t\t\t\t\t<div class=\"elementor-container elementor-column-gap-default\">\n\t\t\t\t\t<div class=\"elementor-column elementor-col-50 elementor-top-column elementor-element elementor-element-b4e844a\" data-id=\"b4e844a\" data-element_type=\"column\">\n\t\t\t<div class=\"elementor-widget-wrap elementor-element-populated\">\n\t\t\t\t\t\t<div class=\"elementor-element elementor-element-7cb80df elementor-widget elementor-widget-heading\" data-id=\"7cb80df\" data-element_type=\"widget\" data-widget_type=\"heading.default\">\n\t\t\t\t<div class=\"elementor-widget-container\">\n\t\t\t\t\t<h2 class=\"elementor-heading-title elementor-size-default\">Cool Hunter Trading &amp; Logistic<\/h2>\t\t\t\t<\/div>\n\t\t\t\t<\/div>\n\t\t\t\t<div class=\"elementor-element elementor-element-8d2daa9 elementor-widget elementor-widget-text-editor\" data-id=\"8d2daa9\" data-element_type=\"widget\" data-widget_type=\"text-editor.default\">\n\t\t\t\t<div class=\"elementor-widget-container\">\n\t\t\t\t\t\t\t\t\t<p>Enter the world of fashion with Cool Hunter Trading &amp; Logistic, an online store platform in Panama. Specialized in the sale of clothing and accessories for both men and women, we create a space where national and international designers show their premium products.<\/p>\t\t\t\t\t\t\t\t<\/div>\n\t\t\t\t<\/div>\n\t\t\t\t<div class=\"elementor-element elementor-element-fdc09c1 elementor-widget elementor-widget-jkit_accordion\" data-id=\"fdc09c1\" data-element_type=\"widget\" data-widget_type=\"jkit_accordion.default\">\n\t\t\t\t<div class=\"elementor-widget-container\">\n\t\t\t\t\t<div  class=\"jeg-elementor-kit jkit-accordion style-default jeg_module___69f3953e6c006\" ><div class=\"card-wrapper\">\n                <div class=\"card-header\">\n                    <a href=\"#expand-cf689ee\" class=\"card-header-button\" aria-expanded=\"false\" data-target=\"#expand-cf689ee\" aria-controls=\"expand-cf689ee\">\n                        <div class=\"left-icon-group\">\n                <div class=\"normal-icon\"><i aria-hidden=\"true\" class=\"jki jki-plus-line\"><\/i><\/div>\n                <div class=\"active-icon\"><i aria-hidden=\"true\" class=\"jki jki-minus-solid\"><\/i><\/div>\n            <\/div><span class=\"title\">We have reinvented our services<\/span>\n                    <\/a>\n                <\/div>\n                <div class=\"card-expand\" id=\"expand-cf689ee\" style=\"display:none\"><div class=\"card-body\"><p>For your greater security in response to the global situation. We have reinforced our online store to offer greater shopping convenience by applying all health and safety measures.\u00a0<\/p><\/div><\/div>\n            <\/div><div class=\"card-wrapper\">\n                <div class=\"card-header\">\n                    <a href=\"#expand-2ce8f08\" class=\"card-header-button\" aria-expanded=\"false\" data-target=\"#expand-2ce8f08\" aria-controls=\"expand-2ce8f08\">\n                        <div class=\"left-icon-group\">\n                <div class=\"normal-icon\"><i aria-hidden=\"true\" class=\"jki jki-plus-line\"><\/i><\/div>\n                <div class=\"active-icon\"><i aria-hidden=\"true\" class=\"jki jki-minus-solid\"><\/i><\/div>\n            <\/div><span class=\"title\">Our objetive<\/span>\n                    <\/a>\n                <\/div>\n                <div class=\"card-expand\" id=\"expand-2ce8f08\" style=\"display:none\"><div class=\"card-body\"><p>We keep up to date with the latest fashion trends around the world, offering our customers top quality products at affordable prices. Carefully selected brands guarantee the best shopping experience. Join us and live the fashion journey with Cool Hunter Trading &amp; Logistic!<\/p><\/div><\/div>\n            <\/div><\/div>\t\t\t\t<\/div>\n\t\t\t\t<\/div>\n\t\t\t\t\t<\/div>\n\t\t<\/div>\n\t\t\t\t<div class=\"elementor-column elementor-col-50 elementor-top-column elementor-element elementor-element-5978ee3\" data-id=\"5978ee3\" data-element_type=\"column\">\n\t\t\t<div class=\"elementor-widget-wrap elementor-element-populated\">\n\t\t\t\t\t\t<div class=\"elementor-element elementor-element-bc686cc elementor-widget__width-initial elementor-widget elementor-widget-image\" data-id=\"bc686cc\" data-element_type=\"widget\" data-widget_type=\"image.default\">\n\t\t\t\t<div class=\"elementor-widget-container\">\n\t\t\t\t\t\t\t\t\t\t\t\t\t\t\t<img fetchpriority=\"high\" decoding=\"async\" width=\"225\" height=\"224\" src=\"https:\/\/coolhunter.co\/wp-content\/uploads\/2024\/01\/coolhuntertrading.png\" class=\"attachment-full size-full wp-image-408\" alt=\"\" srcset=\"https:\/\/coolhunter.co\/wp-content\/uploads\/2024\/01\/coolhuntertrading.png 225w, https:\/\/coolhunter.co\/wp-content\/uploads\/2024\/01\/coolhuntertrading-150x150.png 150w, https:\/\/coolhunter.co\/wp-content\/uploads\/2024\/01\/coolhuntertrading-12x12.png 12w\" sizes=\"(max-width: 225px) 100vw, 225px\" \/>\t\t\t\t\t\t\t\t\t\t\t\t\t\t\t<\/div>\n\t\t\t\t<\/div>\n\t\t\t\t<div class=\"elementor-element elementor-element-0e9dd16 elementor-widget elementor-widget-image\" data-id=\"0e9dd16\" data-element_type=\"widget\" data-widget_type=\"image.default\">\n\t\t\t\t<div class=\"elementor-widget-container\">\n\t\t\t\t\t\t\t\t\t\t\t\t\t\t\t<img decoding=\"async\" width=\"800\" height=\"533\" src=\"https:\/\/coolhunter.co\/wp-content\/uploads\/2024\/01\/clothes-1024x682.jpg\" class=\"attachment-large size-large wp-image-320\" alt=\"Clothes\" srcset=\"https:\/\/coolhunter.co\/wp-content\/uploads\/2024\/01\/clothes-1024x682.jpg 1024w, https:\/\/coolhunter.co\/wp-content\/uploads\/2024\/01\/clothes-300x200.jpg 300w, https:\/\/coolhunter.co\/wp-content\/uploads\/2024\/01\/clothes-768x512.jpg 768w, https:\/\/coolhunter.co\/wp-content\/uploads\/2024\/01\/clothes-1536x1024.jpg 1536w, https:\/\/coolhunter.co\/wp-content\/uploads\/2024\/01\/clothes-18x12.jpg 18w, https:\/\/coolhunter.co\/wp-content\/uploads\/2024\/01\/clothes.jpg 2000w\" sizes=\"(max-width: 800px) 100vw, 800px\" \/>\t\t\t\t\t\t\t\t\t\t\t\t\t\t\t<\/div>\n\t\t\t\t<\/div>\n\t\t\t\t\t<\/div>\n\t\t<\/div>\n\t\t\t\t\t<\/div>\n\t\t<\/section>\n\t\t<div class=\"elementor-element elementor-element-b8cc4f3 e-flex e-con-boxed e-con e-parent\" data-id=\"b8cc4f3\" data-element_type=\"container\">\n\t\t\t\t\t<div class=\"e-con-inner\">\n\t\t\t\t<div class=\"elementor-element elementor-element-ae4db9d elementor-widget-divider--view-line elementor-widget elementor-widget-divider\" data-id=\"ae4db9d\" data-element_type=\"widget\" data-widget_type=\"divider.default\">\n\t\t\t\t<div class=\"elementor-widget-container\">\n\t\t\t\t\t\t\t<div class=\"elementor-divider\">\n\t\t\t<span class=\"elementor-divider-separator\">\n\t\t\t\t\t\t<\/span>\n\t\t<\/div>\n\t\t\t\t\t\t<\/div>\n\t\t\t\t<\/div>\n\t\t\t\t\t<\/div>\n\t\t\t\t<\/div>\n\t\t\t\t<section class=\"elementor-section elementor-top-section elementor-element elementor-element-a611b0f elementor-section-content-middle elementor-reverse-tablet elementor-reverse-mobile elementor-section-boxed elementor-section-height-default elementor-section-height-default\" data-id=\"a611b0f\" data-element_type=\"section\">\n\t\t\t\t\t\t<div class=\"elementor-container elementor-column-gap-default\">\n\t\t\t\t\t<div class=\"elementor-column elementor-col-50 elementor-top-column elementor-element elementor-element-2afd41e\" data-id=\"2afd41e\" data-element_type=\"column\">\n\t\t\t<div class=\"elementor-widget-wrap elementor-element-populated\">\n\t\t\t\t\t\t<div class=\"elementor-element elementor-element-baddb3d elementor-widget elementor-widget-heading\" data-id=\"baddb3d\" data-element_type=\"widget\" data-widget_type=\"heading.default\">\n\t\t\t\t<div class=\"elementor-widget-container\">\n\t\t\t\t\t<h2 class=\"elementor-heading-title elementor-size-default\">Cool Hunter Tires<\/h2>\t\t\t\t<\/div>\n\t\t\t\t<\/div>\n\t\t\t\t<div class=\"elementor-element elementor-element-c2e2b2a elementor-widget elementor-widget-text-editor\" data-id=\"c2e2b2a\" data-element_type=\"widget\" data-widget_type=\"text-editor.default\">\n\t\t\t\t<div class=\"elementor-widget-container\">\n\t\t\t\t\t\t\t\t\t<p>Welcome to Cool Hunter Tires, your expert destination for online tire sales in the Col\u00f3n Free Zone, Panama. With a rich history and extensive experience, we are a renowned company engaged in supplying various high-quality tires.<\/p>\t\t\t\t\t\t\t\t<\/div>\n\t\t\t\t<\/div>\n\t\t\t\t<div class=\"elementor-element elementor-element-d344ab5 elementor-widget elementor-widget-jkit_accordion\" data-id=\"d344ab5\" data-element_type=\"widget\" data-widget_type=\"jkit_accordion.default\">\n\t\t\t\t<div class=\"elementor-widget-container\">\n\t\t\t\t\t<div  class=\"jeg-elementor-kit jkit-accordion style-default jeg_module__1_69f3953e707d8\" ><div class=\"card-wrapper\">\n                <div class=\"card-header\">\n                    <a href=\"#expand-cf689ee\" class=\"card-header-button\" aria-expanded=\"false\" data-target=\"#expand-cf689ee\" aria-controls=\"expand-cf689ee\">\n                        <div class=\"left-icon-group\">\n                <div class=\"normal-icon\"><i aria-hidden=\"true\" class=\"jki jki-plus-line\"><\/i><\/div>\n                <div class=\"active-icon\"><i aria-hidden=\"true\" class=\"jki jki-minus-solid\"><\/i><\/div>\n            <\/div><span class=\"title\">Personalized attention <\/span>\n                    <\/a>\n                <\/div>\n                <div class=\"card-expand\" id=\"expand-cf689ee\" style=\"display:none\"><div class=\"card-body\"><p>Our dedicated staff ensure a reliable and convenient purchasing experience for our customers.At Cool Hunter Tires, we offer a diverse selection of tire profiles, including truck and SUV tires, performance tires, all-terrain tires, all-weather tires wet (rain), winter (snow) tires, high-performance sports tires and commercial vehicle tires.<\/p><\/div><\/div>\n            <\/div><div class=\"card-wrapper\">\n                <div class=\"card-header\">\n                    <a href=\"#expand-2ce8f08\" class=\"card-header-button\" aria-expanded=\"false\" data-target=\"#expand-2ce8f08\" aria-controls=\"expand-2ce8f08\">\n                        <div class=\"left-icon-group\">\n                <div class=\"normal-icon\"><i aria-hidden=\"true\" class=\"jki jki-plus-line\"><\/i><\/div>\n                <div class=\"active-icon\"><i aria-hidden=\"true\" class=\"jki jki-minus-solid\"><\/i><\/div>\n            <\/div><span class=\"title\">Industry leaders<\/span>\n                    <\/a>\n                <\/div>\n                <div class=\"card-expand\" id=\"expand-2ce8f08\" style=\"display:none\"><div class=\"card-body\"><p>We are constantly growing and strive to stay at the forefront of technology, offering high-quality products and innovative services - trust Cool Hunter Tires for online tire purchasing excellence.<\/p><\/div><\/div>\n            <\/div><\/div>\t\t\t\t<\/div>\n\t\t\t\t<\/div>\n\t\t\t\t\t<\/div>\n\t\t<\/div>\n\t\t\t\t<div class=\"elementor-column elementor-col-50 elementor-top-column elementor-element elementor-element-5bde563\" data-id=\"5bde563\" data-element_type=\"column\">\n\t\t\t<div class=\"elementor-widget-wrap elementor-element-populated\">\n\t\t\t\t\t\t<div class=\"elementor-element elementor-element-bf7c32d elementor-widget__width-initial elementor-widget elementor-widget-image\" data-id=\"bf7c32d\" data-element_type=\"widget\" data-widget_type=\"image.default\">\n\t\t\t\t<div class=\"elementor-widget-container\">\n\t\t\t\t\t\t\t\t\t\t\t\t\t\t\t<img decoding=\"async\" width=\"395\" height=\"180\" src=\"https:\/\/coolhunter.co\/wp-content\/uploads\/2024\/01\/coolhuntertires.png\" class=\"attachment-full size-full wp-image-312\" alt=\"\" srcset=\"https:\/\/coolhunter.co\/wp-content\/uploads\/2024\/01\/coolhuntertires.png 395w, https:\/\/coolhunter.co\/wp-content\/uploads\/2024\/01\/coolhuntertires-300x137.png 300w, https:\/\/coolhunter.co\/wp-content\/uploads\/2024\/01\/coolhuntertires-18x8.png 18w\" sizes=\"(max-width: 395px) 100vw, 395px\" \/>\t\t\t\t\t\t\t\t\t\t\t\t\t\t\t<\/div>\n\t\t\t\t<\/div>\n\t\t\t\t<div class=\"elementor-element elementor-element-78af050 elementor-widget elementor-widget-image\" data-id=\"78af050\" data-element_type=\"widget\" data-widget_type=\"image.default\">\n\t\t\t\t<div class=\"elementor-widget-container\">\n\t\t\t\t\t\t\t\t\t\t\t\t\t\t\t<img loading=\"lazy\" decoding=\"async\" width=\"800\" height=\"534\" src=\"https:\/\/coolhunter.co\/wp-content\/uploads\/2024\/01\/replacing-car-tires-1024x683.jpg\" class=\"attachment-large size-large wp-image-313\" alt=\"Replacing Car Tires\" srcset=\"https:\/\/coolhunter.co\/wp-content\/uploads\/2024\/01\/replacing-car-tires-1024x683.jpg 1024w, https:\/\/coolhunter.co\/wp-content\/uploads\/2024\/01\/replacing-car-tires-300x200.jpg 300w, https:\/\/coolhunter.co\/wp-content\/uploads\/2024\/01\/replacing-car-tires-768x512.jpg 768w, https:\/\/coolhunter.co\/wp-content\/uploads\/2024\/01\/replacing-car-tires-1536x1025.jpg 1536w, https:\/\/coolhunter.co\/wp-content\/uploads\/2024\/01\/replacing-car-tires-18x12.jpg 18w, https:\/\/coolhunter.co\/wp-content\/uploads\/2024\/01\/replacing-car-tires.jpg 2000w\" sizes=\"(max-width: 800px) 100vw, 800px\" \/>\t\t\t\t\t\t\t\t\t\t\t\t\t\t\t<\/div>\n\t\t\t\t<\/div>\n\t\t\t\t\t<\/div>\n\t\t<\/div>\n\t\t\t\t\t<\/div>\n\t\t<\/section>\n\t\t<div class=\"elementor-element elementor-element-8d604e5 e-flex e-con-boxed e-con e-parent\" data-id=\"8d604e5\" data-element_type=\"container\">\n\t\t\t\t\t<div class=\"e-con-inner\">\n\t\t\t\t<div class=\"elementor-element elementor-element-fc99f8f elementor-widget-divider--view-line elementor-widget elementor-widget-divider\" data-id=\"fc99f8f\" data-element_type=\"widget\" data-widget_type=\"divider.default\">\n\t\t\t\t<div class=\"elementor-widget-container\">\n\t\t\t\t\t\t\t<div class=\"elementor-divider\">\n\t\t\t<span class=\"elementor-divider-separator\">\n\t\t\t\t\t\t<\/span>\n\t\t<\/div>\n\t\t\t\t\t\t<\/div>\n\t\t\t\t<\/div>\n\t\t\t\t\t<\/div>\n\t\t\t\t<\/div>\n\t\t\t\t<section class=\"elementor-section elementor-top-section elementor-element elementor-element-65853c3 elementor-section-content-middle elementor-reverse-tablet elementor-reverse-mobile elementor-section-boxed elementor-section-height-default elementor-section-height-default\" data-id=\"65853c3\" data-element_type=\"section\">\n\t\t\t\t\t\t<div class=\"elementor-container elementor-column-gap-default\">\n\t\t\t\t\t<div class=\"elementor-column elementor-col-50 elementor-top-column elementor-element elementor-element-e96bfe0\" data-id=\"e96bfe0\" data-element_type=\"column\">\n\t\t\t<div class=\"elementor-widget-wrap elementor-element-populated\">\n\t\t\t\t\t\t<div class=\"elementor-element elementor-element-ada58de elementor-widget elementor-widget-heading\" data-id=\"ada58de\" data-element_type=\"widget\" data-widget_type=\"heading.default\">\n\t\t\t\t<div class=\"elementor-widget-container\">\n\t\t\t\t\t<h2 class=\"elementor-heading-title elementor-size-default\">Super Hose Industrial Master Distributor<\/h2>\t\t\t\t<\/div>\n\t\t\t\t<\/div>\n\t\t\t\t<div class=\"elementor-element elementor-element-d83f3d3 elementor-widget elementor-widget-text-editor\" data-id=\"d83f3d3\" data-element_type=\"widget\" data-widget_type=\"text-editor.default\">\n\t\t\t\t<div class=\"elementor-widget-container\">\n\t\t\t\t\t\t\t\t\t<p>Welcome to Super Hose, your premier destination for high-quality hydraulic hose and fitting solutions. As a dedicated member of the prestigious Cool Hunter family, we serve a wide range of industries with an unparalleled selection of products designed to meet your specific needs.<\/p>\t\t\t\t\t\t\t\t<\/div>\n\t\t\t\t<\/div>\n\t\t\t\t<div class=\"elementor-element elementor-element-118b7ec elementor-widget elementor-widget-jkit_accordion\" data-id=\"118b7ec\" data-element_type=\"widget\" data-widget_type=\"jkit_accordion.default\">\n\t\t\t\t<div class=\"elementor-widget-container\">\n\t\t\t\t\t<div  class=\"jeg-elementor-kit jkit-accordion style-default jeg_module__2_69f3953e72f7f\" ><div class=\"card-wrapper\">\n                <div class=\"card-header\">\n                    <a href=\"#expand-cf689ee\" class=\"card-header-button\" aria-expanded=\"false\" data-target=\"#expand-cf689ee\" aria-controls=\"expand-cf689ee\">\n                        <div class=\"left-icon-group\">\n                <div class=\"normal-icon\"><i aria-hidden=\"true\" class=\"jki jki-plus-line\"><\/i><\/div>\n                <div class=\"active-icon\"><i aria-hidden=\"true\" class=\"jki jki-minus-solid\"><\/i><\/div>\n            <\/div><span class=\"title\">Explore our wide personalized range <\/span>\n                    <\/a>\n                <\/div>\n                <div class=\"card-expand\" id=\"expand-cf689ee\" style=\"display:none\"><div class=\"card-body\"><p>Includes hydraulic hoses, pressure washer hoses, industrial hoses, automotive hoses, oil hoses, air hoses, hydraulic couplings, industrial couplings, compression elbows, compression tees, hydraulic sights or clamps, automotive belts, hydraulic adapters, accessories .\u00a0<\/p><\/div><\/div>\n            <\/div><div class=\"card-wrapper\">\n                <div class=\"card-header\">\n                    <a href=\"#expand-2ce8f08\" class=\"card-header-button\" aria-expanded=\"false\" data-target=\"#expand-2ce8f08\" aria-controls=\"expand-2ce8f08\">\n                        <div class=\"left-icon-group\">\n                <div class=\"normal-icon\"><i aria-hidden=\"true\" class=\"jki jki-plus-line\"><\/i><\/div>\n                <div class=\"active-icon\"><i aria-hidden=\"true\" class=\"jki jki-minus-solid\"><\/i><\/div>\n            <\/div><span class=\"title\">Our products find applications in various sectors<\/span>\n                    <\/a>\n                <\/div>\n                <div class=\"card-expand\" id=\"expand-2ce8f08\" style=\"display:none\"><div class=\"card-body\"><p>Such as manufacturing, construction, agriculture and automotive, among others. With uncompromising quality, we undergo rigorous testing to ensure our products meet the highest industry standards. Our mission is to empower industries and people with reliable, durable, high-performance hose solutions. At Super Hose, we value integrity, innovation and customer focus. Experience the benefits of shopping online with us: convenience, wide selection, secure transactions, efficient delivery and customer service.<\/p><\/div><\/div>\n            <\/div><\/div>\t\t\t\t<\/div>\n\t\t\t\t<\/div>\n\t\t\t\t\t<\/div>\n\t\t<\/div>\n\t\t\t\t<div class=\"elementor-column elementor-col-50 elementor-top-column elementor-element elementor-element-520ab00\" data-id=\"520ab00\" data-element_type=\"column\">\n\t\t\t<div class=\"elementor-widget-wrap elementor-element-populated\">\n\t\t\t\t\t\t<div class=\"elementor-element elementor-element-72a7759 elementor-widget__width-initial elementor-widget elementor-widget-image\" data-id=\"72a7759\" data-element_type=\"widget\" data-widget_type=\"image.default\">\n\t\t\t\t<div class=\"elementor-widget-container\">\n\t\t\t\t\t\t\t\t\t\t\t\t\t\t\t<img loading=\"lazy\" decoding=\"async\" width=\"372\" height=\"96\" src=\"https:\/\/coolhunter.co\/wp-content\/uploads\/2024\/01\/superhose-1.jpg\" class=\"attachment-full size-full wp-image-336\" alt=\"\" srcset=\"https:\/\/coolhunter.co\/wp-content\/uploads\/2024\/01\/superhose-1.jpg 372w, https:\/\/coolhunter.co\/wp-content\/uploads\/2024\/01\/superhose-1-300x77.jpg 300w, https:\/\/coolhunter.co\/wp-content\/uploads\/2024\/01\/superhose-1-18x5.jpg 18w\" sizes=\"(max-width: 372px) 100vw, 372px\" \/>\t\t\t\t\t\t\t\t\t\t\t\t\t\t\t<\/div>\n\t\t\t\t<\/div>\n\t\t\t\t<div class=\"elementor-element elementor-element-b049aa7 elementor-widget elementor-widget-image\" data-id=\"b049aa7\" data-element_type=\"widget\" data-widget_type=\"image.default\">\n\t\t\t\t<div class=\"elementor-widget-container\">\n\t\t\t\t\t\t\t\t\t\t\t\t\t\t\t<img loading=\"lazy\" decoding=\"async\" width=\"800\" height=\"533\" src=\"https:\/\/coolhunter.co\/wp-content\/uploads\/2024\/01\/there-are-many-hydraulic-hoses-and-a-hydraulic-crane-lifting-control-system-crane-engine-control-1024x682.jpg\" class=\"attachment-large size-large wp-image-332\" alt=\"There are many hydraulic hoses and a hydraulic crane lifting control system.Crane engine control\" srcset=\"https:\/\/coolhunter.co\/wp-content\/uploads\/2024\/01\/there-are-many-hydraulic-hoses-and-a-hydraulic-crane-lifting-control-system-crane-engine-control-1024x682.jpg 1024w, https:\/\/coolhunter.co\/wp-content\/uploads\/2024\/01\/there-are-many-hydraulic-hoses-and-a-hydraulic-crane-lifting-control-system-crane-engine-control-300x200.jpg 300w, https:\/\/coolhunter.co\/wp-content\/uploads\/2024\/01\/there-are-many-hydraulic-hoses-and-a-hydraulic-crane-lifting-control-system-crane-engine-control-768x512.jpg 768w, https:\/\/coolhunter.co\/wp-content\/uploads\/2024\/01\/there-are-many-hydraulic-hoses-and-a-hydraulic-crane-lifting-control-system-crane-engine-control-1536x1024.jpg 1536w, https:\/\/coolhunter.co\/wp-content\/uploads\/2024\/01\/there-are-many-hydraulic-hoses-and-a-hydraulic-crane-lifting-control-system-crane-engine-control-18x12.jpg 18w, https:\/\/coolhunter.co\/wp-content\/uploads\/2024\/01\/there-are-many-hydraulic-hoses-and-a-hydraulic-crane-lifting-control-system-crane-engine-control.jpg 2000w\" sizes=\"(max-width: 800px) 100vw, 800px\" \/>\t\t\t\t\t\t\t\t\t\t\t\t\t\t\t<\/div>\n\t\t\t\t<\/div>\n\t\t\t\t\t<\/div>\n\t\t<\/div>\n\t\t\t\t\t<\/div>\n\t\t<\/section>\n\t\t<div class=\"elementor-element elementor-element-8929202 e-flex e-con-boxed e-con e-parent\" data-id=\"8929202\" data-element_type=\"container\">\n\t\t\t\t\t<div class=\"e-con-inner\">\n\t\t\t\t<div class=\"elementor-element elementor-element-1287b10 elementor--h-position-center elementor--v-position-middle elementor-arrows-position-inside elementor-pagination-position-inside elementor-widget elementor-widget-slides\" data-id=\"1287b10\" data-element_type=\"widget\" data-settings=\"{&quot;navigation&quot;:&quot;both&quot;,&quot;autoplay&quot;:&quot;yes&quot;,&quot;pause_on_hover&quot;:&quot;yes&quot;,&quot;pause_on_interaction&quot;:&quot;yes&quot;,&quot;autoplay_speed&quot;:5000,&quot;infinite&quot;:&quot;yes&quot;,&quot;transition&quot;:&quot;slide&quot;,&quot;transition_speed&quot;:500}\" data-widget_type=\"slides.default\">\n\t\t\t\t<div class=\"elementor-widget-container\">\n\t\t\t\t\t\t\t<div class=\"elementor-swiper\">\n\t\t\t<div class=\"elementor-slides-wrapper elementor-main-swiper swiper\" dir=\"ltr\" data-animation=\"fadeInUp\">\n\t\t\t\t<div class=\"swiper-wrapper elementor-slides\">\n\t\t\t\t\t\t\t\t\t\t<div class=\"elementor-repeater-item-0452f21 swiper-slide\"><div class=\"swiper-slide-bg\" role=\"img\"><\/div><div class=\"elementor-background-overlay\"><\/div><a class=\"swiper-slide-inner\" href=\"https:\/\/coolhunter.co\/en\/contact-us\/\"><div class=\"swiper-slide-contents\"><div class=\"elementor-slide-heading\">Join Cool Hunter Company Panama INC <\/div><div class=\"elementor-slide-description\">To obtain a comprehensive set of services where excellence, innovation and customer satisfaction define our spirit.<\/div><div  class=\"elementor-button elementor-slide-button elementor-size-sm\">Contact Us<\/div><\/div><\/a><\/div>\t\t\t\t<\/div>\n\t\t\t\t\t\t\t<\/div>\n\t\t<\/div>\n\t\t\t\t\t\t<\/div>\n\t\t\t\t<\/div>\n\t\t\t\t\t<\/div>\n\t\t\t\t<\/div>\n\t\t\t\t<\/div>","protected":false},"excerpt":{"rendered":"<p>Inicio Servicios Cool Hunter Trading &#038; Logistic Ad\u00e9ntrate en el mundo de la moda con Cool Hunter Trading &amp; Logistic, una plataforma de tiendas online en Panam\u00e1. Especializados en la venta de ropa y accesorios tanto para hombre como para mujer, creamos un espacio donde dise\u00f1adores nacionales e internacionales muestran sus productos premium. Hemos reinventado [&hellip;]<\/p>","protected":false},"author":3,"featured_media":0,"parent":0,"menu_order":0,"comment_status":"closed","ping_status":"closed","template":"elementor_header_footer","meta":{"footnotes":""},"class_list":["post-22","page","type-page","status-publish","hentry"],"_links":{"self":[{"href":"https:\/\/coolhunter.co\/en\/wp-json\/wp\/v2\/pages\/22","targetHints":{"allow":["GET"]}}],"collection":[{"href":"https:\/\/coolhunter.co\/en\/wp-json\/wp\/v2\/pages"}],"about":[{"href":"https:\/\/coolhunter.co\/en\/wp-json\/wp\/v2\/types\/page"}],"author":[{"embeddable":true,"href":"https:\/\/coolhunter.co\/en\/wp-json\/wp\/v2\/users\/3"}],"replies":[{"embeddable":true,"href":"https:\/\/coolhunter.co\/en\/wp-json\/wp\/v2\/comments?post=22"}],"version-history":[{"count":106,"href":"https:\/\/coolhunter.co\/en\/wp-json\/wp\/v2\/pages\/22\/revisions"}],"predecessor-version":[{"id":726,"href":"https:\/\/coolhunter.co\/en\/wp-json\/wp\/v2\/pages\/22\/revisions\/726"}],"wp:attachment":[{"href":"https:\/\/coolhunter.co\/en\/wp-json\/wp\/v2\/media?parent=22"}],"curies":[{"name":"wp","href":"https:\/\/api.w.org\/{rel}","templated":true}]}}