{"id":20,"date":"2024-01-13T17:10:33","date_gmt":"2024-01-13T17:10:33","guid":{"rendered":"https:\/\/coolhunter.co\/?page_id=20"},"modified":"2024-01-28T00:14:40","modified_gmt":"2024-01-28T00:14:40","slug":"sobre-nosotros","status":"publish","type":"page","link":"https:\/\/coolhunter.co\/en\/about-us\/","title":{"rendered":"About Us"},"content":{"rendered":"<div data-elementor-type=\"wp-page\" data-elementor-id=\"20\" class=\"elementor elementor-20\" data-elementor-post-type=\"page\">\n\t\t\t\t\t\t<section class=\"elementor-section elementor-top-section elementor-element elementor-element-22bc53f2 elementor-section-boxed elementor-section-height-default elementor-section-height-default\" data-id=\"22bc53f2\" data-element_type=\"section\" data-settings=\"{&quot;background_background&quot;:&quot;classic&quot;}\">\n\t\t\t\t\t\t\t<div class=\"elementor-background-overlay\"><\/div>\n\t\t\t\t\t\t\t<div class=\"elementor-container elementor-column-gap-default\">\n\t\t\t\t\t<div class=\"elementor-column elementor-col-100 elementor-top-column elementor-element elementor-element-2af9d759\" data-id=\"2af9d759\" data-element_type=\"column\">\n\t\t\t<div class=\"elementor-widget-wrap elementor-element-populated\">\n\t\t\t\t\t\t<div class=\"elementor-element elementor-element-11db146c elementor-icon-list--layout-inline elementor-align-center elementor-list-item-link-full_width elementor-widget elementor-widget-icon-list\" data-id=\"11db146c\" data-element_type=\"widget\" data-widget_type=\"icon-list.default\">\n\t\t\t\t<div class=\"elementor-widget-container\">\n\t\t\t\t\t\t\t<ul class=\"elementor-icon-list-items elementor-inline-items\">\n\t\t\t\t\t\t\t<li class=\"elementor-icon-list-item elementor-inline-item\">\n\t\t\t\t\t\t\t\t\t\t<span class=\"elementor-icon-list-text\">Home<\/span>\n\t\t\t\t\t\t\t\t\t<\/li>\n\t\t\t\t\t\t\t\t<li class=\"elementor-icon-list-item elementor-inline-item\">\n\t\t\t\t\t\t\t\t\t\t\t<span class=\"elementor-icon-list-icon\">\n\t\t\t\t\t\t\t<i aria-hidden=\"true\" class=\"jki jki-arrow-right-circle-line\"><\/i>\t\t\t\t\t\t<\/span>\n\t\t\t\t\t\t\t\t\t\t<span class=\"elementor-icon-list-text\">About Us<\/span>\n\t\t\t\t\t\t\t\t\t<\/li>\n\t\t\t\t\t\t<\/ul>\n\t\t\t\t\t\t<\/div>\n\t\t\t\t<\/div>\n\t\t\t\t\t<\/div>\n\t\t<\/div>\n\t\t\t\t\t<\/div>\n\t\t<\/section>\n\t\t\t\t<section class=\"elementor-section elementor-top-section elementor-element elementor-element-9a79ff1 elementor-section-boxed elementor-section-height-default elementor-section-height-default\" data-id=\"9a79ff1\" data-element_type=\"section\" data-settings=\"{&quot;background_background&quot;:&quot;classic&quot;}\">\n\t\t\t\t\t\t<div class=\"elementor-container elementor-column-gap-default\">\n\t\t\t\t\t<div class=\"elementor-column elementor-col-100 elementor-top-column elementor-element elementor-element-1f568fd9\" data-id=\"1f568fd9\" data-element_type=\"column\">\n\t\t\t<div class=\"elementor-widget-wrap elementor-element-populated\">\n\t\t\t\t\t\t<section class=\"elementor-section elementor-inner-section elementor-element elementor-element-4c998af5 elementor-section-boxed elementor-section-height-default elementor-section-height-default\" data-id=\"4c998af5\" data-element_type=\"section\">\n\t\t\t\t\t\t<div class=\"elementor-container elementor-column-gap-no\">\n\t\t\t\t\t<div class=\"elementor-column elementor-col-100 elementor-inner-column elementor-element elementor-element-3bb925b\" data-id=\"3bb925b\" data-element_type=\"column\">\n\t\t\t<div class=\"elementor-widget-wrap elementor-element-populated\">\n\t\t\t\t\t\t<div class=\"elementor-element elementor-element-64c170e0 elementor-widget elementor-widget-heading\" data-id=\"64c170e0\" data-element_type=\"widget\" data-widget_type=\"heading.default\">\n\t\t\t\t<div class=\"elementor-widget-container\">\n\t\t\t\t\t<h2 class=\"elementor-heading-title elementor-size-default\">Welcome to Cool Hunter Company Panama INC<\/h2>\t\t\t\t<\/div>\n\t\t\t\t<\/div>\n\t\t\t\t<div class=\"elementor-element elementor-element-2d7112ac elementor-widget elementor-widget-heading\" data-id=\"2d7112ac\" data-element_type=\"widget\" data-widget_type=\"heading.default\">\n\t\t\t\t<div class=\"elementor-widget-container\">\n\t\t\t\t\t<h2 class=\"elementor-heading-title elementor-size-default\">Where your journey to excellence begins.<\/h2>\t\t\t\t<\/div>\n\t\t\t\t<\/div>\n\t\t\t\t<div class=\"elementor-element elementor-element-522dca05 elementor-widget elementor-widget-text-editor\" data-id=\"522dca05\" data-element_type=\"widget\" data-widget_type=\"text-editor.default\">\n\t\t\t\t<div class=\"elementor-widget-container\">\n\t\t\t\t\t\t\t\t\t<p>As you enter the dynamic realm of Cool Hunter Company Panama INC, you embark on a journey marked by innovation, reliability and commitment to excellence. Our conglomerate is the merger of three distinguished subsidiaries: Cool Hunter Tires, Cool Hunter Trading and Logic, and Super Hose Industrial Master Distributor. We strive to redefine industry standards in every sector and provide world-class products and services.<\/p>\t\t\t\t\t\t\t\t<\/div>\n\t\t\t\t<\/div>\n\t\t\t\t\t<\/div>\n\t\t<\/div>\n\t\t\t\t\t<\/div>\n\t\t<\/section>\n\t\t\t\t\t<\/div>\n\t\t<\/div>\n\t\t\t\t\t<\/div>\n\t\t<\/section>\n\t\t<div class=\"elementor-element elementor-element-f559850 e-flex e-con-boxed e-con e-parent\" data-id=\"f559850\" data-element_type=\"container\">\n\t\t\t\t\t<div class=\"e-con-inner\">\n\t\t<div class=\"elementor-element elementor-element-4a123ab e-con-full e-flex e-con e-child\" data-id=\"4a123ab\" data-element_type=\"container\">\n\t\t\t\t<div class=\"elementor-element elementor-element-abd31be jkit-equal-height-enable elementor-widget elementor-widget-jkit_image_box\" data-id=\"abd31be\" data-element_type=\"widget\" data-widget_type=\"jkit_image_box.default\">\n\t\t\t\t<div class=\"elementor-widget-container\">\n\t\t\t\t\t<div  class=\"jeg-elementor-kit jkit-image-box style-default elementor-animation- jeg_module___69f394d0c5092\" ><div class=\"image-box-header elementor-animation-\"><img fetchpriority=\"high\" decoding=\"async\" width=\"2000\" height=\"1335\" src=\"https:\/\/coolhunter.co\/wp-content\/uploads\/2024\/01\/mechanic-holding-a-tire-tire-at-the-repair-garage-replacement-of-winter-and-summer-tires.jpg\" class=\"attachment-full size-full\" alt=\"Mechanic holding a tire tire at the repair garage. replacement of winter and summer tires\" url=\"http:\/\/coolhunter.co\/wp-content\/uploads\/2024\/01\/mechanic-holding-a-tire-tire-at-the-repair-garage-replacement-of-winter-and-summer-tires.jpg\" source=\"library\" srcset=\"https:\/\/coolhunter.co\/wp-content\/uploads\/2024\/01\/mechanic-holding-a-tire-tire-at-the-repair-garage-replacement-of-winter-and-summer-tires.jpg 2000w, https:\/\/coolhunter.co\/wp-content\/uploads\/2024\/01\/mechanic-holding-a-tire-tire-at-the-repair-garage-replacement-of-winter-and-summer-tires-300x200.jpg 300w, https:\/\/coolhunter.co\/wp-content\/uploads\/2024\/01\/mechanic-holding-a-tire-tire-at-the-repair-garage-replacement-of-winter-and-summer-tires-1024x684.jpg 1024w, https:\/\/coolhunter.co\/wp-content\/uploads\/2024\/01\/mechanic-holding-a-tire-tire-at-the-repair-garage-replacement-of-winter-and-summer-tires-768x513.jpg 768w, https:\/\/coolhunter.co\/wp-content\/uploads\/2024\/01\/mechanic-holding-a-tire-tire-at-the-repair-garage-replacement-of-winter-and-summer-tires-1536x1025.jpg 1536w, https:\/\/coolhunter.co\/wp-content\/uploads\/2024\/01\/mechanic-holding-a-tire-tire-at-the-repair-garage-replacement-of-winter-and-summer-tires-18x12.jpg 18w\" sizes=\"(max-width: 2000px) 100vw, 2000px\" \/><\/div><div class=\"image-box-body\">\n            <div class=\"body-inner\"><h2 class=\"body-title icon-position-before\">Cool Hunter Tires<\/h2>\n                <div class=\"body-description\"><p>When selling tires online, Cool Hunter Tires becomes your trusted partner. With a rich history and a dedication to delivering only the highest quality tires, we go beyond just being a supplier; We are your partners to ensure a smooth and safe journey. The tires we offer are a testament to our commitment to innovation and your satisfaction.<\/p><\/div>\n                <div class=\"body-button\"><\/div>\n                \n            <\/div>\n        <\/div><\/div>\t\t\t\t<\/div>\n\t\t\t\t<\/div>\n\t\t\t\t<\/div>\n\t\t<div class=\"elementor-element elementor-element-0b71216 e-con-full e-flex e-con e-child\" data-id=\"0b71216\" data-element_type=\"container\">\n\t\t\t\t<div class=\"elementor-element elementor-element-538b7c7 jkit-equal-height-enable elementor-widget elementor-widget-jkit_image_box\" data-id=\"538b7c7\" data-element_type=\"widget\" data-widget_type=\"jkit_image_box.default\">\n\t\t\t\t<div class=\"elementor-widget-container\">\n\t\t\t\t\t<div  class=\"jeg-elementor-kit jkit-image-box style-default elementor-animation- jeg_module__1_69f394d0c71b6\" ><div class=\"image-box-header elementor-animation-\"><img decoding=\"async\" width=\"2000\" height=\"1334\" src=\"https:\/\/coolhunter.co\/wp-content\/uploads\/2024\/01\/happy-woman-shopping-for-clothes-in-store.jpg\" class=\"attachment-full size-full\" alt=\"Happy woman shopping for clothes in store\" url=\"http:\/\/coolhunter.co\/wp-content\/uploads\/2024\/01\/happy-woman-shopping-for-clothes-in-store.jpg\" source=\"library\" srcset=\"https:\/\/coolhunter.co\/wp-content\/uploads\/2024\/01\/happy-woman-shopping-for-clothes-in-store.jpg 2000w, https:\/\/coolhunter.co\/wp-content\/uploads\/2024\/01\/happy-woman-shopping-for-clothes-in-store-300x200.jpg 300w, https:\/\/coolhunter.co\/wp-content\/uploads\/2024\/01\/happy-woman-shopping-for-clothes-in-store-1024x683.jpg 1024w, https:\/\/coolhunter.co\/wp-content\/uploads\/2024\/01\/happy-woman-shopping-for-clothes-in-store-768x512.jpg 768w, https:\/\/coolhunter.co\/wp-content\/uploads\/2024\/01\/happy-woman-shopping-for-clothes-in-store-1536x1025.jpg 1536w, https:\/\/coolhunter.co\/wp-content\/uploads\/2024\/01\/happy-woman-shopping-for-clothes-in-store-18x12.jpg 18w\" sizes=\"(max-width: 2000px) 100vw, 2000px\" \/><\/div><div class=\"image-box-body\">\n            <div class=\"body-inner\"><h2 class=\"body-title icon-position-before\">Cool Hunter Trading &amp; Logistic <\/h2>\n                <div class=\"body-description\"><p>Your fashion journey takes a stylish turn with Cool Hunter Trading and Logistic. Our online platform transcends traditional retail, offering a curated space where national and international designers show their creations. Here, it's not just about buying clothes; It's about immersing yourself in a world where fashion meets technology, and every purchase is a statement of your unique style.<\/p><\/div>\n                <div class=\"body-button\"><\/div>\n                \n            <\/div>\n        <\/div><\/div>\t\t\t\t<\/div>\n\t\t\t\t<\/div>\n\t\t\t\t<\/div>\n\t\t<div class=\"elementor-element elementor-element-d87c522 e-con-full e-flex e-con e-child\" data-id=\"d87c522\" data-element_type=\"container\">\n\t\t\t\t<div class=\"elementor-element elementor-element-95d608d jkit-equal-height-enable elementor-widget elementor-widget-jkit_image_box\" data-id=\"95d608d\" data-element_type=\"widget\" data-widget_type=\"jkit_image_box.default\">\n\t\t\t\t<div class=\"elementor-widget-container\">\n\t\t\t\t\t<div  class=\"jeg-elementor-kit jkit-image-box style-default elementor-animation- jeg_module__2_69f394d0c7d3a\" ><div class=\"image-box-header elementor-animation-\"><img decoding=\"async\" width=\"2000\" height=\"1333\" src=\"https:\/\/coolhunter.co\/wp-content\/uploads\/2024\/01\/sanitary-engineering-hoses.jpg\" class=\"attachment-full size-full\" alt=\"Sanitary engineering hoses\" url=\"http:\/\/coolhunter.co\/wp-content\/uploads\/2024\/01\/sanitary-engineering-hoses.jpg\" source=\"library\" srcset=\"https:\/\/coolhunter.co\/wp-content\/uploads\/2024\/01\/sanitary-engineering-hoses.jpg 2000w, https:\/\/coolhunter.co\/wp-content\/uploads\/2024\/01\/sanitary-engineering-hoses-300x200.jpg 300w, https:\/\/coolhunter.co\/wp-content\/uploads\/2024\/01\/sanitary-engineering-hoses-1024x682.jpg 1024w, https:\/\/coolhunter.co\/wp-content\/uploads\/2024\/01\/sanitary-engineering-hoses-768x512.jpg 768w, https:\/\/coolhunter.co\/wp-content\/uploads\/2024\/01\/sanitary-engineering-hoses-1536x1024.jpg 1536w, https:\/\/coolhunter.co\/wp-content\/uploads\/2024\/01\/sanitary-engineering-hoses-18x12.jpg 18w\" sizes=\"(max-width: 2000px) 100vw, 2000px\" \/><\/div><div class=\"image-box-body\">\n            <div class=\"body-inner\"><h2 class=\"body-title icon-position-before\">Super Hose Industrial Master Distributor<\/h2>\n                <div class=\"body-description\"><p>Navigate the hydraulic industry with confidence, thanks to Super Hose Industrial Master Distributor. We have been a source for hydraulic solutions for over six years. From hydraulic hoses to industrial couplings, our wide range of products are designed to meet the highest standards. Your trust in us ensures that the hydraulic systems work perfectly.<\/p><\/div>\n                <div class=\"body-button\"><\/div>\n                \n            <\/div>\n        <\/div><\/div>\t\t\t\t<\/div>\n\t\t\t\t<\/div>\n\t\t\t\t<\/div>\n\t\t\t\t\t<\/div>\n\t\t\t\t<\/div>\n\t\t<div class=\"elementor-element elementor-element-1e1aff9 e-flex e-con-boxed e-con e-parent\" data-id=\"1e1aff9\" data-element_type=\"container\" data-settings=\"{&quot;background_background&quot;:&quot;classic&quot;,&quot;background_motion_fx_motion_fx_scrolling&quot;:&quot;yes&quot;,&quot;background_motion_fx_scale_effect&quot;:&quot;yes&quot;,&quot;background_motion_fx_scale_direction&quot;:&quot;out-in&quot;,&quot;background_motion_fx_scale_speed&quot;:{&quot;unit&quot;:&quot;px&quot;,&quot;size&quot;:4,&quot;sizes&quot;:[]},&quot;background_motion_fx_scale_range&quot;:{&quot;unit&quot;:&quot;%&quot;,&quot;size&quot;:&quot;&quot;,&quot;sizes&quot;:{&quot;start&quot;:20,&quot;end&quot;:80}},&quot;background_motion_fx_devices&quot;:[&quot;desktop&quot;,&quot;tablet&quot;,&quot;mobile&quot;]}\">\n\t\t\t\t\t<div class=\"e-con-inner\">\n\t\t<div class=\"elementor-element elementor-element-16a6a52 e-con-full e-flex e-con e-child\" data-id=\"16a6a52\" data-element_type=\"container\">\n\t\t\t\t<div class=\"elementor-element elementor-element-2e32650 elementor-widget elementor-widget-image\" data-id=\"2e32650\" data-element_type=\"widget\" data-widget_type=\"image.default\">\n\t\t\t\t<div class=\"elementor-widget-container\">\n\t\t\t\t\t\t\t\t\t\t\t\t\t\t\t<img loading=\"lazy\" decoding=\"async\" width=\"800\" height=\"533\" src=\"https:\/\/coolhunter.co\/wp-content\/uploads\/2024\/01\/happy-man-working-on-laptop-1024x682.jpg\" class=\"attachment-large size-large wp-image-274\" alt=\"Happy man working on laptop\" srcset=\"https:\/\/coolhunter.co\/wp-content\/uploads\/2024\/01\/happy-man-working-on-laptop-1024x682.jpg 1024w, https:\/\/coolhunter.co\/wp-content\/uploads\/2024\/01\/happy-man-working-on-laptop-300x200.jpg 300w, https:\/\/coolhunter.co\/wp-content\/uploads\/2024\/01\/happy-man-working-on-laptop-768x512.jpg 768w, https:\/\/coolhunter.co\/wp-content\/uploads\/2024\/01\/happy-man-working-on-laptop-1536x1024.jpg 1536w, https:\/\/coolhunter.co\/wp-content\/uploads\/2024\/01\/happy-man-working-on-laptop-18x12.jpg 18w, https:\/\/coolhunter.co\/wp-content\/uploads\/2024\/01\/happy-man-working-on-laptop.jpg 2000w\" sizes=\"(max-width: 800px) 100vw, 800px\" \/>\t\t\t\t\t\t\t\t\t\t\t\t\t\t\t<\/div>\n\t\t\t\t<\/div>\n\t\t\t\t<\/div>\n\t\t<div class=\"elementor-element elementor-element-d1b6e5b e-con-full e-flex e-con e-child\" data-id=\"d1b6e5b\" data-element_type=\"container\">\n\t\t\t\t<div class=\"elementor-element elementor-element-34f1fe6 jkit-equal-height-enable elementor-widget elementor-widget-jkit_image_box\" data-id=\"34f1fe6\" data-element_type=\"widget\" data-widget_type=\"jkit_image_box.default\">\n\t\t\t\t<div class=\"elementor-widget-container\">\n\t\t\t\t\t<div  class=\"jeg-elementor-kit jkit-image-box style-default elementor-animation- jeg_module__3_69f394d0c9870\" ><div class=\"image-box-header elementor-animation-\"><\/div><div class=\"image-box-body\">\n            <div class=\"body-inner\"><h2 class=\"body-title icon-position-before\">Our collective commitment to you <\/h2>\n                <div class=\"body-description\"><p>At Cool Hunter Company Panam\u00e1 INC, our collective commitment revolves around you. We are not just a conglomerate, but a dynamic force shaping industries and setting new benchmarks. Our belief in progressive business practices, adaptability and an unwavering pursuit of quality is focused on providing you with an unparalleled experience.<\/p><\/div>\n                <div class=\"body-button\"><\/div>\n                \n            <\/div>\n        <\/div><\/div>\t\t\t\t<\/div>\n\t\t\t\t<\/div>\n\t\t\t\t<\/div>\n\t\t\t\t\t<\/div>\n\t\t\t\t<\/div>\n\t\t\t\t<section class=\"elementor-section elementor-top-section elementor-element elementor-element-1aa2d966 elementor-section-boxed elementor-section-height-default elementor-section-height-default\" data-id=\"1aa2d966\" data-element_type=\"section\" data-settings=\"{&quot;background_background&quot;:&quot;classic&quot;}\">\n\t\t\t\t\t\t<div class=\"elementor-container elementor-column-gap-default\">\n\t\t\t\t\t<div class=\"elementor-column elementor-col-100 elementor-top-column elementor-element elementor-element-12be4db5\" data-id=\"12be4db5\" data-element_type=\"column\" data-settings=\"{&quot;background_background&quot;:&quot;classic&quot;}\">\n\t\t\t<div class=\"elementor-widget-wrap elementor-element-populated\">\n\t\t\t\t\t\t<div class=\"elementor-element elementor-element-37f4f072 elementor-widget elementor-widget-heading\" data-id=\"37f4f072\" data-element_type=\"widget\" data-widget_type=\"heading.default\">\n\t\t\t\t<div class=\"elementor-widget-container\">\n\t\t\t\t\t<h2 class=\"elementor-heading-title elementor-size-default\">Your satisfaction is not only our goal; It is our mission. <\/h2>\t\t\t\t<\/div>\n\t\t\t\t<\/div>\n\t\t\t\t<div class=\"elementor-element elementor-element-2e979b1c elementor-widget elementor-widget-text-editor\" data-id=\"2e979b1c\" data-element_type=\"widget\" data-widget_type=\"text-editor.default\">\n\t\t\t\t<div class=\"elementor-widget-container\">\n\t\t\t\t\t\t\t\t\t<p>Each Cool Hunter Company Panama INC subsidiary contributes to a collective narrative of success. We are more than a business entity; We are your partners in progress. Explore our world, where reliability, diversity, and an enduring dedication to delivering exceptional products and services define our ethos.<\/p>\t\t\t\t\t\t\t\t<\/div>\n\t\t\t\t<\/div>\n\t\t\t\t<div class=\"elementor-element elementor-element-ff3b82e elementor-widget elementor-widget-heading\" data-id=\"ff3b82e\" data-element_type=\"widget\" data-widget_type=\"heading.default\">\n\t\t\t\t<div class=\"elementor-widget-container\">\n\t\t\t\t\t<h2 class=\"elementor-heading-title elementor-size-default\">Thank you for choosing Cool Hunter Company Panama INC. Your journey with us will unfold, promising excellence at all times.<\/h2>\t\t\t\t<\/div>\n\t\t\t\t<\/div>\n\t\t\t\t\t<\/div>\n\t\t<\/div>\n\t\t\t\t\t<\/div>\n\t\t<\/section>\n\t\t\t\t<\/div>","protected":false},"excerpt":{"rendered":"<p>Inicio Sobre Nosotros Bienvenido a Cool Hunter Company Panam\u00e1 INC Donde comienza tu viaje a la excelencia. Al entrar en el reino din\u00e1mico de Cool Hunter Company Panam\u00e1 INC, se embarca en un viaje marcado por la innovaci\u00f3n, la confiabilidad y el compromiso con la excelencia. Nuestro conglomerado es la fusi\u00f3n de tres subsidiarias distinguidas: [&hellip;]<\/p>","protected":false},"author":3,"featured_media":0,"parent":0,"menu_order":0,"comment_status":"closed","ping_status":"closed","template":"elementor_header_footer","meta":{"footnotes":""},"class_list":["post-20","page","type-page","status-publish","hentry"],"_links":{"self":[{"href":"https:\/\/coolhunter.co\/en\/wp-json\/wp\/v2\/pages\/20","targetHints":{"allow":["GET"]}}],"collection":[{"href":"https:\/\/coolhunter.co\/en\/wp-json\/wp\/v2\/pages"}],"about":[{"href":"https:\/\/coolhunter.co\/en\/wp-json\/wp\/v2\/types\/page"}],"author":[{"embeddable":true,"href":"https:\/\/coolhunter.co\/en\/wp-json\/wp\/v2\/users\/3"}],"replies":[{"embeddable":true,"href":"https:\/\/coolhunter.co\/en\/wp-json\/wp\/v2\/comments?post=20"}],"version-history":[{"count":58,"href":"https:\/\/coolhunter.co\/en\/wp-json\/wp\/v2\/pages\/20\/revisions"}],"predecessor-version":[{"id":717,"href":"https:\/\/coolhunter.co\/en\/wp-json\/wp\/v2\/pages\/20\/revisions\/717"}],"wp:attachment":[{"href":"https:\/\/coolhunter.co\/en\/wp-json\/wp\/v2\/media?parent=20"}],"curies":[{"name":"wp","href":"https:\/\/api.w.org\/{rel}","templated":true}]}}