{"id":17,"date":"2024-01-13T17:10:17","date_gmt":"2024-01-13T17:10:17","guid":{"rendered":"https:\/\/coolhunter.co\/?page_id=17"},"modified":"2024-01-28T00:02:03","modified_gmt":"2024-01-28T00:02:03","slug":"inicio","status":"publish","type":"page","link":"https:\/\/coolhunter.co\/en\/","title":{"rendered":"Home"},"content":{"rendered":"<div data-elementor-type=\"wp-page\" data-elementor-id=\"17\" class=\"elementor elementor-17\" data-elementor-post-type=\"page\">\n\t\t\t\t\t\t<section class=\"elementor-section elementor-top-section elementor-element elementor-element-622c8930 elementor-section-boxed elementor-section-height-default elementor-section-height-default\" data-id=\"622c8930\" data-element_type=\"section\" data-settings=\"{&quot;background_background&quot;:&quot;classic&quot;,&quot;background_motion_fx_motion_fx_scrolling&quot;:&quot;yes&quot;,&quot;background_motion_fx_scale_effect&quot;:&quot;yes&quot;,&quot;background_motion_fx_scale_direction&quot;:&quot;out-in&quot;,&quot;background_motion_fx_scale_speed&quot;:{&quot;unit&quot;:&quot;px&quot;,&quot;size&quot;:4,&quot;sizes&quot;:[]},&quot;background_motion_fx_scale_range&quot;:{&quot;unit&quot;:&quot;%&quot;,&quot;size&quot;:&quot;&quot;,&quot;sizes&quot;:{&quot;start&quot;:20,&quot;end&quot;:80}},&quot;background_motion_fx_devices&quot;:[&quot;desktop&quot;,&quot;tablet&quot;,&quot;mobile&quot;]}\">\n\t\t\t\t\t\t\t<div class=\"elementor-background-overlay\"><\/div>\n\t\t\t\t\t\t\t<div class=\"elementor-container elementor-column-gap-default\">\n\t\t\t\t\t<div class=\"elementor-column elementor-col-50 elementor-top-column elementor-element elementor-element-39b39752\" data-id=\"39b39752\" data-element_type=\"column\">\n\t\t\t<div class=\"elementor-widget-wrap elementor-element-populated\">\n\t\t\t\t\t\t<div class=\"elementor-element elementor-element-136518d7 elementor-widget elementor-widget-heading\" data-id=\"136518d7\" data-element_type=\"widget\" data-widget_type=\"heading.default\">\n\t\t\t\t<div class=\"elementor-widget-container\">\n\t\t\t\t\t<h2 class=\"elementor-heading-title elementor-size-default\">Welcome to Cool Hunter Company Panama INC<\/h2>\t\t\t\t<\/div>\n\t\t\t\t<\/div>\n\t\t\t\t<div class=\"elementor-element elementor-element-6d3eb15b elementor-widget elementor-widget-heading\" data-id=\"6d3eb15b\" data-element_type=\"widget\" data-widget_type=\"heading.default\">\n\t\t\t\t<div class=\"elementor-widget-container\">\n\t\t\t\t\t<h1 class=\"elementor-heading-title elementor-size-default\">A dynamic conglomerate that defines excellence across industries. <\/h1>\t\t\t\t<\/div>\n\t\t\t\t<\/div>\n\t\t\t\t<div class=\"elementor-element elementor-element-4618d887 elementor-widget elementor-widget-text-editor\" data-id=\"4618d887\" data-element_type=\"widget\" data-widget_type=\"text-editor.default\">\n\t\t\t\t<div class=\"elementor-widget-container\">\n\t\t\t\t\t\t\t\t\t<p>Explore our world where innovation meets reliability, from the best online tire sales to a cutting-edge fashion marketplace and comprehensive hydraulic solutions. Join us on a journey of quality, diversity and customer satisfaction.<\/p>\t\t\t\t\t\t\t\t<\/div>\n\t\t\t\t<\/div>\n\t\t\t\t<div class=\"elementor-element elementor-element-b2fb62a elementor-widget elementor-widget-heading\" data-id=\"b2fb62a\" data-element_type=\"widget\" data-widget_type=\"heading.default\">\n\t\t\t\t<div class=\"elementor-widget-container\">\n\t\t\t\t\t<h2 class=\"elementor-heading-title elementor-size-default\">Your Gateway to Exceptional Quality and Diversity<\/h2>\t\t\t\t<\/div>\n\t\t\t\t<\/div>\n\t\t\t\t\t<\/div>\n\t\t<\/div>\n\t\t\t\t<div class=\"elementor-column elementor-col-50 elementor-top-column elementor-element elementor-element-433e6c37 elementor-hidden-phone\" data-id=\"433e6c37\" data-element_type=\"column\">\n\t\t\t<div class=\"elementor-widget-wrap\">\n\t\t\t\t\t\t\t<\/div>\n\t\t<\/div>\n\t\t\t\t\t<\/div>\n\t\t<\/section>\n\t\t\t\t<section class=\"elementor-section elementor-top-section elementor-element elementor-element-90e70bf elementor-section-boxed elementor-section-height-default elementor-section-height-default\" data-id=\"90e70bf\" data-element_type=\"section\">\n\t\t\t\t\t\t<div class=\"elementor-container elementor-column-gap-default\">\n\t\t\t\t\t<div class=\"elementor-column elementor-col-100 elementor-top-column elementor-element elementor-element-0b00b35\" data-id=\"0b00b35\" data-element_type=\"column\">\n\t\t\t<div class=\"elementor-widget-wrap elementor-element-populated\">\n\t\t\t\t\t\t<div class=\"elementor-element elementor-element-34655116 elementor-hidden-mobile elementor-widget elementor-widget-heading\" data-id=\"34655116\" data-element_type=\"widget\" data-widget_type=\"heading.default\">\n\t\t\t\t<div class=\"elementor-widget-container\">\n\t\t\t\t\t<h2 class=\"elementor-heading-title elementor-size-default\">Cool Hunter Company Panama INC <\/h2>\t\t\t\t<\/div>\n\t\t\t\t<\/div>\n\t\t\t\t<div class=\"elementor-element elementor-element-7605341 elementor-widget elementor-widget-heading\" data-id=\"7605341\" data-element_type=\"widget\" data-widget_type=\"heading.default\">\n\t\t\t\t<div class=\"elementor-widget-container\">\n\t\t\t\t\t<h2 class=\"elementor-heading-title elementor-size-default\">Discover our subsidiaries<\/h2>\t\t\t\t<\/div>\n\t\t\t\t<\/div>\n\t\t\t\t\t<\/div>\n\t\t<\/div>\n\t\t\t\t\t<\/div>\n\t\t<\/section>\n\t\t\t\t<section class=\"elementor-section elementor-top-section elementor-element elementor-element-14671975 elementor-reverse-tablet elementor-reverse-mobile elementor-section-boxed elementor-section-height-default elementor-section-height-default\" data-id=\"14671975\" data-element_type=\"section\">\n\t\t\t\t\t\t<div class=\"elementor-container elementor-column-gap-default\">\n\t\t\t\t\t<div class=\"elementor-column elementor-col-33 elementor-top-column elementor-element elementor-element-7095f09e\" data-id=\"7095f09e\" data-element_type=\"column\" data-settings=\"{&quot;background_background&quot;:&quot;classic&quot;}\">\n\t\t\t<div class=\"elementor-widget-wrap elementor-element-populated\">\n\t\t\t\t\t\t<div class=\"elementor-element elementor-element-25c38376 jkit-equal-height-enable elementor-widget elementor-widget-jkit_icon_box\" data-id=\"25c38376\" data-element_type=\"widget\" data-widget_type=\"jkit_icon_box.default\">\n\t\t\t\t<div class=\"elementor-widget-container\">\n\t\t\t\t\t<div  class=\"jeg-elementor-kit jkit-icon-box icon-position-top elementor-animation- jeg_module___69f39515d09d6\" ><div class=\"jkit-icon-box-wrapper hover-from-left\"><div class=\"icon-box icon-box-header elementor-animation-float\"><div class=\"icon style-color\"><i aria-hidden=\"true\" class=\"jki jki-car-1-light\"><\/i><\/div><\/div><div class=\"icon-box icon-box-body\">\n                <h3 class=\"title\">Cool Hunter Tires<\/h3><p class=\"icon-box-description\">Explore the top online tire sales in the Col\u00f3n Free Zone, Panama. Cool Hunter Tires is your destination for a diverse selection of high-quality tires. We provide personalized attention and a commitment to reliability, ensuring a convenient shopping experience. From truck and SUV tires to high-performance sport tires, we redefine standards in the tire industry.<\/p>\n            <\/div>\n            \n            <\/div><\/div>\t\t\t\t<\/div>\n\t\t\t\t<\/div>\n\t\t\t\t\t<\/div>\n\t\t<\/div>\n\t\t\t\t<div class=\"elementor-column elementor-col-33 elementor-top-column elementor-element elementor-element-d8acf4f\" data-id=\"d8acf4f\" data-element_type=\"column\">\n\t\t\t<div class=\"elementor-widget-wrap elementor-element-populated\">\n\t\t\t\t\t\t<div class=\"elementor-element elementor-element-45ea808 jkit-equal-height-enable elementor-widget elementor-widget-jkit_icon_box\" data-id=\"45ea808\" data-element_type=\"widget\" data-widget_type=\"jkit_icon_box.default\">\n\t\t\t\t<div class=\"elementor-widget-container\">\n\t\t\t\t\t<div  class=\"jeg-elementor-kit jkit-icon-box icon-position-top elementor-animation- jeg_module__1_69f39515d153e\" ><div class=\"jkit-icon-box-wrapper hover-from-left\"><div class=\"icon-box icon-box-header elementor-animation-float\"><div class=\"icon style-color\"><i aria-hidden=\"true\" class=\"jki jki-tshirt-light\"><\/i><\/div><\/div><div class=\"icon-box icon-box-body\">\n                <h3 class=\"title\">Cool Hunter Trading &amp; Logistic<\/h3><p class=\"icon-box-description\">Immerse yourself in the world of fashion with Cool Hunter Trading &amp; Logistic, an online store platform in Panama. Specializing in clothing and accessories for men and women, we offer a curated space where national and international designers showcase their premium products. Stay ahead of trends and enjoy a shopping experience that combines style with technology.<\/p>\n            <\/div>\n            \n            <\/div><\/div>\t\t\t\t<\/div>\n\t\t\t\t<\/div>\n\t\t\t\t\t<\/div>\n\t\t<\/div>\n\t\t\t\t<div class=\"elementor-column elementor-col-33 elementor-top-column elementor-element elementor-element-50f834d\" data-id=\"50f834d\" data-element_type=\"column\">\n\t\t\t<div class=\"elementor-widget-wrap elementor-element-populated\">\n\t\t\t\t\t\t<div class=\"elementor-element elementor-element-eeb6565 jkit-equal-height-enable elementor-widget elementor-widget-jkit_icon_box\" data-id=\"eeb6565\" data-element_type=\"widget\" data-widget_type=\"jkit_icon_box.default\">\n\t\t\t\t<div class=\"elementor-widget-container\">\n\t\t\t\t\t<div  class=\"jeg-elementor-kit jkit-icon-box icon-position-top elementor-animation- jeg_module__2_69f39515d1d8e\" ><div class=\"jkit-icon-box-wrapper hover-from-left\"><div class=\"icon-box icon-box-header elementor-animation-float\"><div class=\"icon style-color\"><i aria-hidden=\"true\" class=\"jki jki-flower-light\"><\/i><\/div><\/div><div class=\"icon-box icon-box-body\">\n                <h3 class=\"title\">Super Hose Industrial Master Distributor<\/h3><p class=\"icon-box-description\">Welcome to Super Hose, your premier source for high-quality hydraulic hose and fitting solutions. As a dedicated member of the Cool Hunter family, we serve a wide range of industries. Explore our extensive range, including hydraulic hoses, pressure washers and industrial hoses. Our commitment to excellence ensures you receive reliable, long-lasting, high-performance hose solutions.<\/p>\n            <\/div>\n            \n            <\/div><\/div>\t\t\t\t<\/div>\n\t\t\t\t<\/div>\n\t\t\t\t\t<\/div>\n\t\t<\/div>\n\t\t\t\t\t<\/div>\n\t\t<\/section>\n\t\t\t\t<section class=\"elementor-section elementor-top-section elementor-element elementor-element-3dbcc5ff elementor-hidden-mobile elementor-hidden-tablet elementor-section-boxed elementor-section-height-default elementor-section-height-default\" data-id=\"3dbcc5ff\" data-element_type=\"section\">\n\t\t\t\t\t\t<div class=\"elementor-container elementor-column-gap-default\">\n\t\t\t\t\t<div class=\"elementor-column elementor-col-25 elementor-top-column elementor-element elementor-element-371e6186\" data-id=\"371e6186\" data-element_type=\"column\">\n\t\t\t<div class=\"elementor-widget-wrap elementor-element-populated\">\n\t\t\t\t\t\t<div class=\"elementor-element elementor-element-da34164 elementor-widget elementor-widget-image\" data-id=\"da34164\" data-element_type=\"widget\" data-widget_type=\"image.default\">\n\t\t\t\t<div class=\"elementor-widget-container\">\n\t\t\t\t\t\t\t\t\t\t\t\t\t\t\t<img decoding=\"async\" width=\"331\" height=\"96\" src=\"https:\/\/coolhunter.co\/wp-content\/uploads\/2024\/01\/wideway.png\" class=\"attachment-large size-large wp-image-180\" alt=\"\" srcset=\"https:\/\/coolhunter.co\/wp-content\/uploads\/2024\/01\/wideway.png 331w, https:\/\/coolhunter.co\/wp-content\/uploads\/2024\/01\/wideway-300x87.png 300w, https:\/\/coolhunter.co\/wp-content\/uploads\/2024\/01\/wideway-18x5.png 18w\" sizes=\"(max-width: 331px) 100vw, 331px\" \/>\t\t\t\t\t\t\t\t\t\t\t\t\t\t\t<\/div>\n\t\t\t\t<\/div>\n\t\t\t\t\t<\/div>\n\t\t<\/div>\n\t\t\t\t<div class=\"elementor-column elementor-col-25 elementor-top-column elementor-element elementor-element-2b241e5\" data-id=\"2b241e5\" data-element_type=\"column\">\n\t\t\t<div class=\"elementor-widget-wrap elementor-element-populated\">\n\t\t\t\t\t\t<div class=\"elementor-element elementor-element-3dd2636 elementor-widget elementor-widget-image\" data-id=\"3dd2636\" data-element_type=\"widget\" data-widget_type=\"image.default\">\n\t\t\t\t<div class=\"elementor-widget-container\">\n\t\t\t\t\t\t\t\t\t\t\t\t\t\t\t<img decoding=\"async\" width=\"372\" height=\"96\" src=\"https:\/\/coolhunter.co\/wp-content\/uploads\/2024\/01\/superhose.jpg\" class=\"attachment-large size-large wp-image-179\" alt=\"\" srcset=\"https:\/\/coolhunter.co\/wp-content\/uploads\/2024\/01\/superhose.jpg 372w, https:\/\/coolhunter.co\/wp-content\/uploads\/2024\/01\/superhose-300x77.jpg 300w, https:\/\/coolhunter.co\/wp-content\/uploads\/2024\/01\/superhose-18x5.jpg 18w\" sizes=\"(max-width: 372px) 100vw, 372px\" \/>\t\t\t\t\t\t\t\t\t\t\t\t\t\t\t<\/div>\n\t\t\t\t<\/div>\n\t\t\t\t\t<\/div>\n\t\t<\/div>\n\t\t\t\t<div class=\"elementor-column elementor-col-25 elementor-top-column elementor-element elementor-element-242326f\" data-id=\"242326f\" data-element_type=\"column\">\n\t\t\t<div class=\"elementor-widget-wrap elementor-element-populated\">\n\t\t\t\t\t\t<div class=\"elementor-element elementor-element-bf4e90f elementor-widget elementor-widget-image\" data-id=\"bf4e90f\" data-element_type=\"widget\" data-widget_type=\"image.default\">\n\t\t\t\t<div class=\"elementor-widget-container\">\n\t\t\t\t\t\t\t\t\t\t\t\t\t\t\t<img decoding=\"async\" src=\"http:\/\/coolhunter.co\/wp-content\/uploads\/2024\/01\/manuli.jpg\" title=\"\" alt=\"\" loading=\"lazy\" \/>\t\t\t\t\t\t\t\t\t\t\t\t\t\t\t<\/div>\n\t\t\t\t<\/div>\n\t\t\t\t\t<\/div>\n\t\t<\/div>\n\t\t\t\t<div class=\"elementor-column elementor-col-25 elementor-top-column elementor-element elementor-element-c31c059\" data-id=\"c31c059\" data-element_type=\"column\">\n\t\t\t<div class=\"elementor-widget-wrap elementor-element-populated\">\n\t\t\t\t\t\t<div class=\"elementor-element elementor-element-7d3f781 elementor-widget elementor-widget-image\" data-id=\"7d3f781\" data-element_type=\"widget\" data-widget_type=\"image.default\">\n\t\t\t\t<div class=\"elementor-widget-container\">\n\t\t\t\t\t\t\t\t\t\t\t\t\t\t\t<img decoding=\"async\" src=\"http:\/\/coolhunter.co\/wp-content\/uploads\/2024\/01\/continental.jpg\" title=\"\" alt=\"\" loading=\"lazy\" \/>\t\t\t\t\t\t\t\t\t\t\t\t\t\t\t<\/div>\n\t\t\t\t<\/div>\n\t\t\t\t\t<\/div>\n\t\t<\/div>\n\t\t\t\t\t<\/div>\n\t\t<\/section>\n\t\t\t\t<section class=\"elementor-section elementor-top-section elementor-element elementor-element-36b3693f elementor-section-boxed elementor-section-height-default elementor-section-height-default\" data-id=\"36b3693f\" data-element_type=\"section\" data-settings=\"{&quot;background_background&quot;:&quot;classic&quot;}\">\n\t\t\t\t\t\t\t<div class=\"elementor-background-overlay\"><\/div>\n\t\t\t\t\t\t\t<div class=\"elementor-container elementor-column-gap-default\">\n\t\t\t\t\t<div class=\"elementor-column elementor-col-50 elementor-top-column elementor-element elementor-element-a823772\" data-id=\"a823772\" data-element_type=\"column\">\n\t\t\t<div class=\"elementor-widget-wrap elementor-element-populated\">\n\t\t\t\t\t\t<div class=\"elementor-element elementor-element-7fa9499 elementor-widget elementor-widget-heading\" data-id=\"7fa9499\" data-element_type=\"widget\" data-widget_type=\"heading.default\">\n\t\t\t\t<div class=\"elementor-widget-container\">\n\t\t\t\t\t<h2 class=\"elementor-heading-title elementor-size-default\">Experience the Cool Hunter difference<\/h2>\t\t\t\t<\/div>\n\t\t\t\t<\/div>\n\t\t\t\t<div class=\"elementor-element elementor-element-1fe6bac elementor-widget elementor-widget-heading\" data-id=\"1fe6bac\" data-element_type=\"widget\" data-widget_type=\"heading.default\">\n\t\t\t\t<div class=\"elementor-widget-container\">\n\t\t\t\t\t<h2 class=\"elementor-heading-title elementor-size-default\">Cool Hunter Company Panama INC is more than a conglomerate; is a commitment to providing exceptional products and services.<\/h2>\t\t\t\t<\/div>\n\t\t\t\t<\/div>\n\t\t\t\t<div class=\"elementor-element elementor-element-a46f92e elementor-widget elementor-widget-text-editor\" data-id=\"a46f92e\" data-element_type=\"widget\" data-widget_type=\"text-editor.default\">\n\t\t\t\t<div class=\"elementor-widget-container\">\n\t\t\t\t\t\t\t\t\t<p>Join us on a journey where each subsidiary excels in your industry, shaping trends and setting new standards. Experience the Cool Hunter difference, where excellence, diversity and innovation converge.<\/p>\t\t\t\t\t\t\t\t<\/div>\n\t\t\t\t<\/div>\n\t\t\t\t<div class=\"elementor-element elementor-element-d526381 elementor-widget__width-auto elementor-widget elementor-widget-jkit_button\" data-id=\"d526381\" data-element_type=\"widget\" data-widget_type=\"jkit_button.default\">\n\t\t\t\t<div class=\"elementor-widget-container\">\n\t\t\t\t\t<div  class=\"jeg-elementor-kit jkit-button  icon-position-before jeg_module__3_69f39515d5f93\" ><a href=\"https:\/\/coolhunter.co\/en\/our-companies\/\" class=\"jkit-button-wrapper\">Read more<\/a><\/div>\t\t\t\t<\/div>\n\t\t\t\t<\/div>\n\t\t\t\t\t<\/div>\n\t\t<\/div>\n\t\t\t\t<div class=\"elementor-column elementor-col-50 elementor-top-column elementor-element elementor-element-2b62ab6c elementor-hidden-mobile elementor-hidden-tablet\" data-id=\"2b62ab6c\" data-element_type=\"column\">\n\t\t\t<div class=\"elementor-widget-wrap elementor-element-populated\">\n\t\t\t\t\t\t<div class=\"elementor-element elementor-element-6870072 elementor-widget elementor-widget-image\" data-id=\"6870072\" data-element_type=\"widget\" data-widget_type=\"image.default\">\n\t\t\t\t<div class=\"elementor-widget-container\">\n\t\t\t\t\t\t\t\t\t\t\t\t\t\t\t<img fetchpriority=\"high\" decoding=\"async\" width=\"800\" height=\"533\" src=\"https:\/\/coolhunter.co\/wp-content\/uploads\/2024\/01\/happy-black-financial-advisor-handshaking-with-his-clients-during-a-meeting-in-the-office--1024x682.jpg\" class=\"attachment-large size-large wp-image-227\" alt=\"Happy black financial advisor handshaking with his clients during a meeting in the office.\" srcset=\"https:\/\/coolhunter.co\/wp-content\/uploads\/2024\/01\/happy-black-financial-advisor-handshaking-with-his-clients-during-a-meeting-in-the-office--1024x682.jpg 1024w, https:\/\/coolhunter.co\/wp-content\/uploads\/2024\/01\/happy-black-financial-advisor-handshaking-with-his-clients-during-a-meeting-in-the-office--300x200.jpg 300w, https:\/\/coolhunter.co\/wp-content\/uploads\/2024\/01\/happy-black-financial-advisor-handshaking-with-his-clients-during-a-meeting-in-the-office--768x512.jpg 768w, https:\/\/coolhunter.co\/wp-content\/uploads\/2024\/01\/happy-black-financial-advisor-handshaking-with-his-clients-during-a-meeting-in-the-office--1536x1024.jpg 1536w, https:\/\/coolhunter.co\/wp-content\/uploads\/2024\/01\/happy-black-financial-advisor-handshaking-with-his-clients-during-a-meeting-in-the-office--18x12.jpg 18w, https:\/\/coolhunter.co\/wp-content\/uploads\/2024\/01\/happy-black-financial-advisor-handshaking-with-his-clients-during-a-meeting-in-the-office-.jpg 2000w\" sizes=\"(max-width: 800px) 100vw, 800px\" \/>\t\t\t\t\t\t\t\t\t\t\t\t\t\t\t<\/div>\n\t\t\t\t<\/div>\n\t\t\t\t\t<\/div>\n\t\t<\/div>\n\t\t\t\t\t<\/div>\n\t\t<\/section>\n\t\t\t\t<section class=\"elementor-section elementor-top-section elementor-element elementor-element-73970e2 elementor-section-boxed elementor-section-height-default elementor-section-height-default\" data-id=\"73970e2\" data-element_type=\"section\" data-settings=\"{&quot;background_background&quot;:&quot;classic&quot;}\">\n\t\t\t\t\t\t\t<div class=\"elementor-background-overlay\"><\/div>\n\t\t\t\t\t\t\t<div class=\"elementor-container elementor-column-gap-default\">\n\t\t\t\t\t<div class=\"elementor-column elementor-col-50 elementor-top-column elementor-element elementor-element-3051d21\" data-id=\"3051d21\" data-element_type=\"column\">\n\t\t\t<div class=\"elementor-widget-wrap elementor-element-populated\">\n\t\t\t\t\t\t<div class=\"elementor-element elementor-element-0de3b22 elementor-widget elementor-widget-image\" data-id=\"0de3b22\" data-element_type=\"widget\" data-widget_type=\"image.default\">\n\t\t\t\t<div class=\"elementor-widget-container\">\n\t\t\t\t\t\t\t\t\t\t\t\t\t\t\t<img loading=\"lazy\" decoding=\"async\" width=\"800\" height=\"534\" src=\"https:\/\/coolhunter.co\/wp-content\/uploads\/2024\/01\/young-woman-as-a-store-manager-with-clothes-1024x683.jpg\" class=\"attachment-large size-large wp-image-230\" alt=\"Young woman as a store manager with clothes\" srcset=\"https:\/\/coolhunter.co\/wp-content\/uploads\/2024\/01\/young-woman-as-a-store-manager-with-clothes-1024x683.jpg 1024w, https:\/\/coolhunter.co\/wp-content\/uploads\/2024\/01\/young-woman-as-a-store-manager-with-clothes-300x200.jpg 300w, https:\/\/coolhunter.co\/wp-content\/uploads\/2024\/01\/young-woman-as-a-store-manager-with-clothes-768x512.jpg 768w, https:\/\/coolhunter.co\/wp-content\/uploads\/2024\/01\/young-woman-as-a-store-manager-with-clothes-1536x1025.jpg 1536w, https:\/\/coolhunter.co\/wp-content\/uploads\/2024\/01\/young-woman-as-a-store-manager-with-clothes-18x12.jpg 18w, https:\/\/coolhunter.co\/wp-content\/uploads\/2024\/01\/young-woman-as-a-store-manager-with-clothes.jpg 2000w\" sizes=\"(max-width: 800px) 100vw, 800px\" \/>\t\t\t\t\t\t\t\t\t\t\t\t\t\t\t<\/div>\n\t\t\t\t<\/div>\n\t\t\t\t\t<\/div>\n\t\t<\/div>\n\t\t\t\t<div class=\"elementor-column elementor-col-50 elementor-top-column elementor-element elementor-element-e14747d\" data-id=\"e14747d\" data-element_type=\"column\">\n\t\t\t<div class=\"elementor-widget-wrap elementor-element-populated\">\n\t\t\t\t\t\t<div class=\"elementor-element elementor-element-189d791 elementor-widget elementor-widget-heading\" data-id=\"189d791\" data-element_type=\"widget\" data-widget_type=\"heading.default\">\n\t\t\t\t<div class=\"elementor-widget-container\">\n\t\t\t\t\t<h2 class=\"elementor-heading-title elementor-size-default\">Explore our distributors<\/h2>\t\t\t\t<\/div>\n\t\t\t\t<\/div>\n\t\t\t\t<div class=\"elementor-element elementor-element-ae527ac elementor-widget elementor-widget-heading\" data-id=\"ae527ac\" data-element_type=\"widget\" data-widget_type=\"heading.default\">\n\t\t\t\t<div class=\"elementor-widget-container\">\n\t\t\t\t\t<h2 class=\"elementor-heading-title elementor-size-default\">Discover the network of distributors that contribute to our success.<\/h2>\t\t\t\t<\/div>\n\t\t\t\t<\/div>\n\t\t\t\t<div class=\"elementor-element elementor-element-4fb1716 elementor-widget elementor-widget-text-editor\" data-id=\"4fb1716\" data-element_type=\"widget\" data-widget_type=\"text-editor.default\">\n\t\t\t\t<div class=\"elementor-widget-container\">\n\t\t\t\t\t\t\t\t\t<p>Our distributors play a crucial role in delivering our products efficiently and maintaining the high standards we maintain. Join us in recognizing and celebrating the commitment to excellence.<\/p>\t\t\t\t\t\t\t\t<\/div>\n\t\t\t\t<\/div>\n\t\t\t\t<div class=\"elementor-element elementor-element-7496384 elementor-widget__width-auto elementor-widget elementor-widget-jkit_button\" data-id=\"7496384\" data-element_type=\"widget\" data-widget_type=\"jkit_button.default\">\n\t\t\t\t<div class=\"elementor-widget-container\">\n\t\t\t\t\t<div  class=\"jeg-elementor-kit jkit-button  icon-position-before jeg_module__4_69f39515d84dd\" ><a href=\"https:\/\/coolhunter.co\/en\/our-companies\/\" class=\"jkit-button-wrapper\">Read more<\/a><\/div>\t\t\t\t<\/div>\n\t\t\t\t<\/div>\n\t\t\t\t\t<\/div>\n\t\t<\/div>\n\t\t\t\t\t<\/div>\n\t\t<\/section>\n\t\t\t\t<\/div>","protected":false},"excerpt":{"rendered":"<p>Bienvenido a Cool Hunter Company Panam\u00e1 INC Un conglomerado din\u00e1mico que define la excelencia en todas las industrias. Explora nuestro mundo donde la innovaci\u00f3n se une a la confiabilidad, desde las mejores ventas de neum\u00e1ticos en l\u00ednea hasta un mercado de moda de vanguardia y soluciones hidr\u00e1ulicas integrales. \u00danete a nosotros en un viaje de [&hellip;]<\/p>","protected":false},"author":3,"featured_media":0,"parent":0,"menu_order":0,"comment_status":"closed","ping_status":"closed","template":"elementor_header_footer","meta":{"footnotes":""},"class_list":["post-17","page","type-page","status-publish","hentry"],"_links":{"self":[{"href":"https:\/\/coolhunter.co\/en\/wp-json\/wp\/v2\/pages\/17","targetHints":{"allow":["GET"]}}],"collection":[{"href":"https:\/\/coolhunter.co\/en\/wp-json\/wp\/v2\/pages"}],"about":[{"href":"https:\/\/coolhunter.co\/en\/wp-json\/wp\/v2\/types\/page"}],"author":[{"embeddable":true,"href":"https:\/\/coolhunter.co\/en\/wp-json\/wp\/v2\/users\/3"}],"replies":[{"embeddable":true,"href":"https:\/\/coolhunter.co\/en\/wp-json\/wp\/v2\/comments?post=17"}],"version-history":[{"count":142,"href":"https:\/\/coolhunter.co\/en\/wp-json\/wp\/v2\/pages\/17\/revisions"}],"predecessor-version":[{"id":699,"href":"https:\/\/coolhunter.co\/en\/wp-json\/wp\/v2\/pages\/17\/revisions\/699"}],"wp:attachment":[{"href":"https:\/\/coolhunter.co\/en\/wp-json\/wp\/v2\/media?parent=17"}],"curies":[{"name":"wp","href":"https:\/\/api.w.org\/{rel}","templated":true}]}}